{"id":3286,"date":"2024-11-19T15:09:17","date_gmt":"2024-11-19T15:09:17","guid":{"rendered":"https:\/\/montealegreorganic.com\/?page_id=3286"},"modified":"2024-11-19T15:17:09","modified_gmt":"2024-11-19T15:17:09","slug":"terminos-y-condiciones","status":"publish","type":"page","link":"https:\/\/montealegreorganic.com\/?page_id=3286","title":{"rendered":"T\u00e9rminos y Condiciones"},"content":{"rendered":"\t\t<div data-elementor-type=\"wp-page\" data-elementor-id=\"3286\" class=\"elementor elementor-3286\" data-elementor-post-type=\"page\">\n\t\t\t\t<div class=\"elementor-element elementor-element-f9e725b e-flex e-con-boxed e-con e-parent\" data-id=\"f9e725b\" data-element_type=\"container\">\n\t\t\t\t\t<div class=\"e-con-inner\">\n\t\t\t\t<div class=\"elementor-element elementor-element-3e71d5e elementor-widget elementor-widget-spacer\" data-id=\"3e71d5e\" data-element_type=\"widget\" data-widget_type=\"spacer.default\">\n\t\t\t\t<div class=\"elementor-widget-container\">\n\t\t\t\t\t\t\t<div class=\"elementor-spacer\">\n\t\t\t<div class=\"elementor-spacer-inner\"><\/div>\n\t\t<\/div>\n\t\t\t\t\t\t<\/div>\n\t\t\t\t<\/div>\n\t\t\t\t<div class=\"elementor-element elementor-element-143e2f5 elementor-widget elementor-widget-heading\" data-id=\"143e2f5\" data-element_type=\"widget\" data-widget_type=\"heading.default\">\n\t\t\t\t<div class=\"elementor-widget-container\">\n\t\t\t\t\t<h2 class=\"elementor-heading-title elementor-size-default\">T\u00e9rminos y Condiciones de Montealegre<\/h2>\t\t\t\t<\/div>\n\t\t\t\t<\/div>\n\t\t\t\t<div class=\"elementor-element elementor-element-99e283b elementor-widget elementor-widget-text-editor\" data-id=\"99e283b\" data-element_type=\"widget\" data-widget_type=\"text-editor.default\">\n\t\t\t\t<div class=\"elementor-widget-container\">\n\t\t\t\t\t\t\t\t\t<p>Bienvenido a la tienda en l\u00ednea de Montealegre. Al utilizar este sitio web y realizar compras, usted acepta los siguientes t\u00e9rminos y condiciones. Por favor, l\u00e9alos detenidamente antes de utilizar nuestros servicios.<\/p>\t\t\t\t\t\t\t\t<\/div>\n\t\t\t\t<\/div>\n\t\t\t\t<div class=\"elementor-element elementor-element-fb3a8cb elementor-widget elementor-widget-heading\" data-id=\"fb3a8cb\" data-element_type=\"widget\" data-widget_type=\"heading.default\">\n\t\t\t\t<div class=\"elementor-widget-container\">\n\t\t\t\t\t<h2 class=\"elementor-heading-title elementor-size-default\">1.Generalidades<\/h2>\t\t\t\t<\/div>\n\t\t\t\t<\/div>\n\t\t\t\t<div class=\"elementor-element elementor-element-b75ed69 elementor-widget elementor-widget-text-editor\" data-id=\"b75ed69\" data-element_type=\"widget\" data-widget_type=\"text-editor.default\">\n\t\t\t\t<div class=\"elementor-widget-container\">\n\t\t\t\t\t\t\t\t\t<p>Los productos ofrecidos en este sitio son caf\u00e9 y productos relacionados, elaborados bajo est\u00e1ndares de calidad y sostenibilidad.<br \/>Todos los precios est\u00e1n expresados en d\u00f3lares estadounidenses (USD) y no incluyen costos adicionales como env\u00edo, salvo que se indique lo contrario.<br \/>Nos reservamos el derecho de modificar estos t\u00e9rminos y condiciones en cualquier momento, por lo que le recomendamos revisarlos peri\u00f3dicamente.<\/p>\t\t\t\t\t\t\t\t<\/div>\n\t\t\t\t<\/div>\n\t\t\t\t<div class=\"elementor-element elementor-element-016606e elementor-widget elementor-widget-heading\" data-id=\"016606e\" data-element_type=\"widget\" data-widget_type=\"heading.default\">\n\t\t\t\t<div class=\"elementor-widget-container\">\n\t\t\t\t\t<h2 class=\"elementor-heading-title elementor-size-default\">2. Procesamiento y Env\u00edos\n<\/h2>\t\t\t\t<\/div>\n\t\t\t\t<\/div>\n\t\t\t\t<div class=\"elementor-element elementor-element-3f8f6c7 elementor-widget elementor-widget-text-editor\" data-id=\"3f8f6c7\" data-element_type=\"widget\" data-widget_type=\"text-editor.default\">\n\t\t\t\t<div class=\"elementor-widget-container\">\n\t\t\t\t\t\t\t\t\t<p><b>D\u00edas de entrega:<\/b> Las entregas se realizan \u00fanicamente los d\u00edas mi\u00e9rcoles.<br \/><b>D\u00eda de corte:<\/b> Los pedidos deben completarse antes del lunes a las 12 del medio d\u00eda (hora local) para ser entregados esa misma semana. Los pedidos realizados despu\u00e9s de esta hora ser\u00e1n procesados para la siguiente semana.<br \/><b>Reentrega:<\/b> Si el receptor no est\u00e1 disponible en el momento de la entrega, se cobrar\u00e1 un costo adicional para un nuevo env\u00edo.<br \/><b>\u00c1reas de entrega:<br \/><\/b>Env\u00edos dentro del \u00c1rea Metropolitana de San Salvador tienen tarifas regulares.<br \/>Env\u00edos fuera de San Salvador est\u00e1n sujetos a costos adicionales, dependiendo de la ubicaci\u00f3n.<\/p>\t\t\t\t\t\t\t\t<\/div>\n\t\t\t\t<\/div>\n\t\t\t\t<div class=\"elementor-element elementor-element-3174ceb elementor-widget elementor-widget-heading\" data-id=\"3174ceb\" data-element_type=\"widget\" data-widget_type=\"heading.default\">\n\t\t\t\t<div class=\"elementor-widget-container\">\n\t\t\t\t\t<h2 class=\"elementor-heading-title elementor-size-default\">3. Pagos y Seguridad\n<\/h2>\t\t\t\t<\/div>\n\t\t\t\t<\/div>\n\t\t\t\t<div class=\"elementor-element elementor-element-01db52a elementor-widget elementor-widget-text-editor\" data-id=\"01db52a\" data-element_type=\"widget\" data-widget_type=\"text-editor.default\">\n\t\t\t\t<div class=\"elementor-widget-container\">\n\t\t\t\t\t\t\t\t\t<p>Montealegre no almacena informaci\u00f3n financiera, incluyendo datos de tarjetas de cr\u00e9dito o d\u00e9bito. Todas las transacciones se procesan a trav\u00e9s de plataformas de pago seguras de terceros.<br \/>Es responsabilidad del usuario asegurarse de que la informaci\u00f3n proporcionada al momento del pago sea precisa y actualizada.<\/p>\t\t\t\t\t\t\t\t<\/div>\n\t\t\t\t<\/div>\n\t\t\t\t<div class=\"elementor-element elementor-element-f872610 elementor-widget elementor-widget-heading\" data-id=\"f872610\" data-element_type=\"widget\" data-widget_type=\"heading.default\">\n\t\t\t\t<div class=\"elementor-widget-container\">\n\t\t\t\t\t<h2 class=\"elementor-heading-title elementor-size-default\">4. Cancelaciones y Devoluciones\n<\/h2>\t\t\t\t<\/div>\n\t\t\t\t<\/div>\n\t\t\t\t<div class=\"elementor-element elementor-element-0605657 elementor-widget elementor-widget-text-editor\" data-id=\"0605657\" data-element_type=\"widget\" data-widget_type=\"text-editor.default\">\n\t\t\t\t<div class=\"elementor-widget-container\">\n\t\t\t\t\t\t\t\t\t<p>Debido a la naturaleza de nuestros productos, no aceptamos devoluciones. Sin embargo, si el producto llega en mal estado o hay un error en el pedido, comun\u00edquese con nosotros dentro de las 24 horas posteriores a la entrega para resolver el problema.<br \/>Cancelaciones de pedidos deben realizarse antes del cierre del d\u00eda lunes para evitar cargos innecesarios.<\/p>\t\t\t\t\t\t\t\t<\/div>\n\t\t\t\t<\/div>\n\t\t\t\t<div class=\"elementor-element elementor-element-ed72dbb elementor-widget elementor-widget-heading\" data-id=\"ed72dbb\" data-element_type=\"widget\" data-widget_type=\"heading.default\">\n\t\t\t\t<div class=\"elementor-widget-container\">\n\t\t\t\t\t<h2 class=\"elementor-heading-title elementor-size-default\">5. Propiedad Intelectual\n<\/h2>\t\t\t\t<\/div>\n\t\t\t\t<\/div>\n\t\t\t\t<div class=\"elementor-element elementor-element-298e69f elementor-widget elementor-widget-text-editor\" data-id=\"298e69f\" data-element_type=\"widget\" data-widget_type=\"text-editor.default\">\n\t\t\t\t<div class=\"elementor-widget-container\">\n\t\t\t\t\t\t\t\t\t<p>Todo el contenido de este sitio web, incluidos textos, im\u00e1genes, logotipos y videos, es propiedad exclusiva de Montealegre y est\u00e1 protegido por las leyes de derechos de autor. Est\u00e1 prohibida la reproducci\u00f3n total o parcial sin autorizaci\u00f3n previa.<\/p>\t\t\t\t\t\t\t\t<\/div>\n\t\t\t\t<\/div>\n\t\t\t\t<div class=\"elementor-element elementor-element-d168cf1 elementor-widget elementor-widget-heading\" data-id=\"d168cf1\" data-element_type=\"widget\" data-widget_type=\"heading.default\">\n\t\t\t\t<div class=\"elementor-widget-container\">\n\t\t\t\t\t<h2 class=\"elementor-heading-title elementor-size-default\">6. Limitaci\u00f3n de Responsabilidad\n<\/h2>\t\t\t\t<\/div>\n\t\t\t\t<\/div>\n\t\t\t\t<div class=\"elementor-element elementor-element-5ba0292 elementor-widget elementor-widget-text-editor\" data-id=\"5ba0292\" data-element_type=\"widget\" data-widget_type=\"text-editor.default\">\n\t\t\t\t<div class=\"elementor-widget-container\">\n\t\t\t\t\t\t\t\t\t<p>Montealegre no ser\u00e1 responsable por retrasos en las entregas causados por eventos fuera de nuestro control, incluyendo pero no limitado a desastres naturales, condiciones clim\u00e1ticas extremas, huelgas o problemas log\u00edsticos de terceros.<\/p>\t\t\t\t\t\t\t\t<\/div>\n\t\t\t\t<\/div>\n\t\t\t\t<div class=\"elementor-element elementor-element-d530487 elementor-widget elementor-widget-heading\" data-id=\"d530487\" data-element_type=\"widget\" data-widget_type=\"heading.default\">\n\t\t\t\t<div class=\"elementor-widget-container\">\n\t\t\t\t\t<h2 class=\"elementor-heading-title elementor-size-default\">7. Privacidad\n<\/h2>\t\t\t\t<\/div>\n\t\t\t\t<\/div>\n\t\t\t\t<div class=\"elementor-element elementor-element-66fdbe9 elementor-widget elementor-widget-text-editor\" data-id=\"66fdbe9\" data-element_type=\"widget\" data-widget_type=\"text-editor.default\">\n\t\t\t\t<div class=\"elementor-widget-container\">\n\t\t\t\t\t\t\t\t\t<p>Montealegre cumple con las leyes aplicables en cuanto a la protecci\u00f3n de datos personales. La informaci\u00f3n proporcionada por los clientes ser\u00e1 utilizada exclusivamente para procesar pedidos y mejorar la experiencia del usuario.<\/p>\t\t\t\t\t\t\t\t<\/div>\n\t\t\t\t<\/div>\n\t\t\t\t<div class=\"elementor-element elementor-element-c72ff14 elementor-widget elementor-widget-heading\" data-id=\"c72ff14\" data-element_type=\"widget\" data-widget_type=\"heading.default\">\n\t\t\t\t<div class=\"elementor-widget-container\">\n\t\t\t\t\t<h2 class=\"elementor-heading-title elementor-size-default\">8. Contacto<\/h2>\t\t\t\t<\/div>\n\t\t\t\t<\/div>\n\t\t\t\t<div class=\"elementor-element elementor-element-c17a79b elementor-widget elementor-widget-text-editor\" data-id=\"c17a79b\" data-element_type=\"widget\" data-widget_type=\"text-editor.default\">\n\t\t\t\t<div class=\"elementor-widget-container\">\n\t\t\t\t\t\t\t\t\t<p>Si tiene preguntas o necesita asistencia, por favor cont\u00e1ctenos a trav\u00e9s de nuestros canales oficiales.<\/p><p>Montealegre se reserva el derecho de actualizar estos t\u00e9rminos seg\u00fan sea necesario para garantizar la mejor experiencia para nuestros clientes.<\/p>\t\t\t\t\t\t\t\t<\/div>\n\t\t\t\t<\/div>\n\t\t\t\t<div class=\"elementor-element elementor-element-83735e1 elementor-widget elementor-widget-spacer\" data-id=\"83735e1\" data-element_type=\"widget\" data-widget_type=\"spacer.default\">\n\t\t\t\t<div class=\"elementor-widget-container\">\n\t\t\t\t\t\t\t<div class=\"elementor-spacer\">\n\t\t\t<div class=\"elementor-spacer-inner\"><\/div>\n\t\t<\/div>\n\t\t\t\t\t\t<\/div>\n\t\t\t\t<\/div>\n\t\t\t\t\t<\/div>\n\t\t\t\t<\/div>\n\t\t\t\t<\/div>\n\t\t","protected":false},"excerpt":{"rendered":"<p>T\u00e9rminos y Condiciones de Montealegre Bienvenido a la tienda en l\u00ednea de Montealegre. Al utilizar este sitio web y realizar [&hellip;]<\/p>\n","protected":false},"author":1,"featured_media":0,"parent":0,"menu_order":0,"comment_status":"closed","ping_status":"closed","template":"elementor_canvas","meta":{"site-sidebar-layout":"no-sidebar","site-content-layout":"","ast-site-content-layout":"full-width-container","site-content-style":"default","site-sidebar-style":"default","ast-global-header-display":"","ast-banner-title-visibility":"","ast-main-header-display":"","ast-hfb-above-header-display":"","ast-hfb-below-header-display":"","ast-hfb-mobile-header-display":"","site-post-title":"disabled","ast-breadcrumbs-content":"","ast-featured-img":"disabled","footer-sml-layout":"","theme-transparent-header-meta":"","adv-header-id-meta":"","stick-header-meta":"","header-above-stick-meta":"","header-main-stick-meta":"","header-below-stick-meta":"","astra-migrate-meta-layouts":"default","ast-page-background-enabled":"default","ast-page-background-meta":{"desktop":{"background-color":"var(--ast-global-color-4)","background-image":"","background-repeat":"repeat","background-position":"center center","background-size":"auto","background-attachment":"scroll","background-type":"","background-media":"","overlay-type":"","overlay-color":"","overlay-opacity":"","overlay-gradient":""},"tablet":{"background-color":"","background-image":"","background-repeat":"repeat","background-position":"center center","background-size":"auto","background-attachment":"scroll","background-type":"","background-media":"","overlay-type":"","overlay-color":"","overlay-opacity":"","overlay-gradient":""},"mobile":{"background-color":"","background-image":"","background-repeat":"repeat","background-position":"center center","background-size":"auto","background-attachment":"scroll","background-type":"","background-media":"","overlay-type":"","overlay-color":"","overlay-opacity":"","overlay-gradient":""}},"ast-content-background-meta":{"desktop":{"background-color":"var(--ast-global-color-5)","background-image":"","background-repeat":"repeat","background-position":"center center","background-size":"auto","background-attachment":"scroll","background-type":"","background-media":"","overlay-type":"","overlay-color":"","overlay-opacity":"","overlay-gradient":""},"tablet":{"background-color":"var(--ast-global-color-5)","background-image":"","background-repeat":"repeat","background-position":"center center","background-size":"auto","background-attachment":"scroll","background-type":"","background-media":"","overlay-type":"","overlay-color":"","overlay-opacity":"","overlay-gradient":""},"mobile":{"background-color":"var(--ast-global-color-5)","background-image":"","background-repeat":"repeat","background-position":"center center","background-size":"auto","background-attachment":"scroll","background-type":"","background-media":"","overlay-type":"","overlay-color":"","overlay-opacity":"","overlay-gradient":""}},"footnotes":""},"class_list":["post-3286","page","type-page","status-publish","hentry"],"jetpack_sharing_enabled":true,"_links":{"self":[{"href":"https:\/\/montealegreorganic.com\/index.php?rest_route=\/wp\/v2\/pages\/3286","targetHints":{"allow":["GET"]}}],"collection":[{"href":"https:\/\/montealegreorganic.com\/index.php?rest_route=\/wp\/v2\/pages"}],"about":[{"href":"https:\/\/montealegreorganic.com\/index.php?rest_route=\/wp\/v2\/types\/page"}],"author":[{"embeddable":true,"href":"https:\/\/montealegreorganic.com\/index.php?rest_route=\/wp\/v2\/users\/1"}],"replies":[{"embeddable":true,"href":"https:\/\/montealegreorganic.com\/index.php?rest_route=%2Fwp%2Fv2%2Fcomments&post=3286"}],"version-history":[{"count":4,"href":"https:\/\/montealegreorganic.com\/index.php?rest_route=\/wp\/v2\/pages\/3286\/revisions"}],"predecessor-version":[{"id":3290,"href":"https:\/\/montealegreorganic.com\/index.php?rest_route=\/wp\/v2\/pages\/3286\/revisions\/3290"}],"wp:attachment":[{"href":"https:\/\/montealegreorganic.com\/index.php?rest_route=%2Fwp%2Fv2%2Fmedia&parent=3286"}],"curies":[{"name":"wp","href":"https:\/\/api.w.org\/{rel}","templated":true}]}}