{"id":3229,"date":"2024-11-11T07:09:54","date_gmt":"2024-11-11T07:09:54","guid":{"rendered":"https:\/\/montealegreorganic.com\/?post_type=product&#038;p=3229"},"modified":"2025-03-04T20:28:02","modified_gmt":"2025-03-05T02:28:02","slug":"classico-molido-1-lb","status":"publish","type":"product","link":"https:\/\/montealegreorganic.com\/?product=classico-molido-1-lb","title":{"rendered":"Classico Molido 1 lb"},"content":{"rendered":"<p style=\"text-align: center;\">Descubre la riqueza de nuestro Caf\u00e9 Exclusivo, cuidadosamente seleccionado para ofrecerte una experiencia aut\u00e9ntica en cada sorbo. Elaborado con granos 100% ar\u00e1bica, cultivados a la perfecci\u00f3n en altitudes que potencian su sabor \u00fanico y suave, nuestro caf\u00e9 es ideal para aquellos momentos que merecen algo especial. Con notas delicadas de cacao, frutos secos y un sutil toque afrutado, nuestro caf\u00e9 se destaca por su balance y suavidad en boca. Perfecto para disfrutarlo solo o en compa\u00f1\u00eda, cada taza es un viaje a las mejores fincas cafetaleras del mundo.<\/p>\n<p style=\"text-align: center;\">\u00a1Haz de tu momento de caf\u00e9 algo verdaderamente memorable!<\/p>\n<p><iframe title=\"Exploring Organic Coffee at Caf\u00e9 Mayorga \u2013 Finca Montealegre\" width=\"500\" height=\"281\" src=\"https:\/\/www.youtube.com\/embed\/xyDdUjxUm9M?feature=oembed\" frameborder=\"0\" allow=\"accelerometer; autoplay; clipboard-write; encrypted-media; gyroscope; picture-in-picture; web-share\" referrerpolicy=\"strict-origin-when-cross-origin\" allowfullscreen><\/iframe><\/p>\n<p><iframe title=\"La Ruta del Caf\u00e9 \u2615\ud83c\uddf8\ud83c\uddfb El Salvador\" width=\"500\" height=\"281\" src=\"https:\/\/www.youtube.com\/embed\/T08I4ZHDNP0?feature=oembed\" frameborder=\"0\" allow=\"accelerometer; autoplay; clipboard-write; encrypted-media; gyroscope; picture-in-picture; web-share\" referrerpolicy=\"strict-origin-when-cross-origin\" allowfullscreen><\/iframe><\/p>\n","protected":false},"excerpt":{"rendered":"<p><strong>Tipo de Caf\u00e9:<\/strong> Org\u00e1nico, 100% Ar\u00e1bica<br \/>\n<strong>Sabores:<\/strong> Notas suaves de miel, chocolate y mandarina<br \/>\n<strong>Cosecha:<\/strong> 2024<\/p>\n<p><strong>Instrucciones de Preparaci\u00f3n:<\/strong><br \/>\nUtiliza 10 gramos de caf\u00e9 molido por cada 180 ml de agua caliente a 92-96\u00b0C. Este caf\u00e9 vers\u00e1til es ideal para m\u00e9todos como la cafetera tradicional, moka o prensa francesa.<\/p>\n<p><strong>Vida \u00datil:<\/strong><br \/>\nAlmacena en un lugar fresco, oscuro, seco y herm\u00e9tico. Cons\u00famelo antes de los 12 meses para mantener su sabor equilibrado y fresco.<\/p>\n","protected":false},"featured_media":3309,"template":"","meta":{"site-sidebar-layout":"default","site-content-layout":"","ast-site-content-layout":"default","site-content-style":"default","site-sidebar-style":"default","ast-global-header-display":"","ast-banner-title-visibility":"","ast-main-header-display":"","ast-hfb-above-header-display":"","ast-hfb-below-header-display":"","ast-hfb-mobile-header-display":"","site-post-title":"","ast-breadcrumbs-content":"","ast-featured-img":"","footer-sml-layout":"","theme-transparent-header-meta":"default","adv-header-id-meta":"","stick-header-meta":"","header-above-stick-meta":"","header-main-stick-meta":"","header-below-stick-meta":"","astra-migrate-meta-layouts":"set","ast-page-background-enabled":"default","ast-page-background-meta":{"desktop":{"background-color":"var(--ast-global-color-4)","background-image":"","background-repeat":"repeat","background-position":"center center","background-size":"auto","background-attachment":"scroll","background-type":"","background-media":"","overlay-type":"","overlay-color":"","overlay-opacity":"","overlay-gradient":""},"tablet":{"background-color":"","background-image":"","background-repeat":"repeat","background-position":"center center","background-size":"auto","background-attachment":"scroll","background-type":"","background-media":"","overlay-type":"","overlay-color":"","overlay-opacity":"","overlay-gradient":""},"mobile":{"background-color":"","background-image":"","background-repeat":"repeat","background-position":"center center","background-size":"auto","background-attachment":"scroll","background-type":"","background-media":"","overlay-type":"","overlay-color":"","overlay-opacity":"","overlay-gradient":""}},"ast-content-background-meta":{"desktop":{"background-color":"var(--ast-global-color-5)","background-image":"","background-repeat":"repeat","background-position":"center center","background-size":"auto","background-attachment":"scroll","background-type":"","background-media":"","overlay-type":"","overlay-color":"","overlay-opacity":"","overlay-gradient":""},"tablet":{"background-color":"var(--ast-global-color-5)","background-image":"","background-repeat":"repeat","background-position":"center center","background-size":"auto","background-attachment":"scroll","background-type":"","background-media":"","overlay-type":"","overlay-color":"","overlay-opacity":"","overlay-gradient":""},"mobile":{"background-color":"var(--ast-global-color-5)","background-image":"","background-repeat":"repeat","background-position":"center center","background-size":"auto","background-attachment":"scroll","background-type":"","background-media":"","overlay-type":"","overlay-color":"","overlay-opacity":"","overlay-gradient":""}}},"product_cat":[68],"product_tag":[91,87,72,84],"class_list":{"0":"post-3229","1":"product","2":"type-product","3":"status-publish","4":"has-post-thumbnail","6":"product_cat-cafe-clasic","7":"product_tag-1lb","8":"product_tag-cafe-classico","9":"product_tag-cafe-el-salvador","10":"product_tag-molido","11":"desktop-align-left","12":"tablet-align-left","13":"mobile-align-left","15":"first","16":"instock","17":"shipping-taxable","18":"purchasable","19":"product-type-simple"},"jetpack_sharing_enabled":true,"_links":{"self":[{"href":"https:\/\/montealegreorganic.com\/index.php?rest_route=\/wp\/v2\/product\/3229","targetHints":{"allow":["GET"]}}],"collection":[{"href":"https:\/\/montealegreorganic.com\/index.php?rest_route=\/wp\/v2\/product"}],"about":[{"href":"https:\/\/montealegreorganic.com\/index.php?rest_route=\/wp\/v2\/types\/product"}],"wp:featuredmedia":[{"embeddable":true,"href":"https:\/\/montealegreorganic.com\/index.php?rest_route=\/wp\/v2\/media\/3309"}],"wp:attachment":[{"href":"https:\/\/montealegreorganic.com\/index.php?rest_route=%2Fwp%2Fv2%2Fmedia&parent=3229"}],"wp:term":[{"taxonomy":"product_cat","embeddable":true,"href":"https:\/\/montealegreorganic.com\/index.php?rest_route=%2Fwp%2Fv2%2Fproduct_cat&post=3229"},{"taxonomy":"product_tag","embeddable":true,"href":"https:\/\/montealegreorganic.com\/index.php?rest_route=%2Fwp%2Fv2%2Fproduct_tag&post=3229"}],"curies":[{"name":"wp","href":"https:\/\/api.w.org\/{rel}","templated":true}]}}